{"id":11,"date":"2015-04-21T08:24:20","date_gmt":"2015-04-21T08:24:20","guid":{"rendered":"http:\/\/www.princess-studios.gr\/tr\/?page_id=11"},"modified":"2016-05-19T09:51:03","modified_gmt":"2016-05-19T07:51:03","slug":"%cf%84%ce%b1%cf%85%cf%84%cf%8c%cf%84%ce%b7%cf%84%ce%b1","status":"publish","type":"page","link":"https:\/\/www.princess-studios.gr\/tr\/%cf%84%ce%b1%cf%85%cf%84%cf%8c%cf%84%ce%b7%cf%84%ce%b1\/","title":{"rendered":"Hakk\u0131m\u0131zda"},"content":{"rendered":"<p style=\"text-align: justify;\"><div class=\"su-row\"><div class=\"su-column su-column-size-1-2\"><div class=\"su-column-inner su-u-clearfix su-u-trim\">\n<p style=\"text-align: justify;\">Tamamen Mobilyac\u0131lar, electrics.electronics ve banyolar dahil, 2015 y\u0131l\u0131nda yenilenmi\u015f. Daireler, \u00abPrenses Studios\u00bb Midilli kasaba, Lesvos adas\u0131n\u0131n ba\u015fkenti sadece 4Km uzakta PORT bulunmaktad\u0131r. Ve HAVAALANI dan 3Km.<\/p>\n<p style=\"text-align: justify;\"><div class=\"su-spacer\" style=\"height:20px\"><\/div>\n<p>Onlar misafirler i\u00e7in dinlenmek e\u015fsiz anlar sunan Midilli Bo\u011fazlar \u00fczerindeki Do\u011fu bakan b\u00fcy\u00fck bir sanat ile in\u015fa edilmi\u015ftir. Bizim konaklama sadece 30 metre uzakl\u0131kta Neapoli hafif mavi k\u0131y\u0131larda de\u011fil.<\/p>\n<div class=\"su-spacer\" style=\"height:20px\"><\/div>\n<p>Bu y\u00fcksek standartlarda hizmet buna g\u00f6re in\u015fa edilmi\u015ftir, t\u00fcm konforlar\u0131, o uzakta g\u00fcnl\u00fck rutin keyifli bir mola i\u00e7in \u00f6zlem \u00e7iftler ve aileler i\u00e7in ideal bir yer haline fakt\u00f6rler vard\u0131r. Konforlu, modern ve misafirperver Studios t\u00fcm ihtiya\u00e7lar\u0131n\u0131 tatmin edebilir.<\/p>\n<div class=\"su-spacer\" style=\"height:20px\"><\/div>\n<p>Bizim rahat yemek odas\u0131 ya da kahvalt\u0131 \/ kahve ya da i\u00e7ki keyfini geni\u015f bir lobi veranda.<\/p>\n<div class=\"su-spacer\" style=\"height:20px\"><\/div>\n<p>Kendi \u00fccretsiz \u00f6zel park alan\u0131 ve \u00e7ocuklar i\u00e7in k\u00fc\u00e7\u00fck bir oyun m\u00fc\u015fterilerimiz i\u00e7in de mevcuttur.<\/p>\n<div class=\"su-spacer\" style=\"height:20px\"><\/div>\n<p>Sonunda ancak son olarak bizim dost personel hizmetinizdedir 24 saat g\u00fcn yer almaktad\u0131r.<\/p>\n<div class=\"su-spacer\" style=\"height:20px\"><\/div>\n<p>Midilli Liman\u0131 T\u00fcrkiye&#8217;nin kom\u015fu Anakara Yunanistan ve Aivali (Ayval\u0131k) de Pire liman\u0131 ile g\u00fcnl\u00fck g\u00fczergahlar vard\u0131r. Ve \u00e7e\u015fitli yollar\u0131 Selanik, Lemnos, Sak\u0131z bir hafta. T\u00fcrkiye&#8217;de Dikili ve \u0130zmir de ba\u011flay\u0131n.<\/p>\n<\/div><\/div>\n<p style=\"text-align: justify;\"><div class=\"su-column su-column-size-1-2\"><div class=\"su-column-inner su-u-clearfix su-u-trim\">\n<p style=\"text-align: justify;\"><div class=\"su-custom-gallery su-custom-gallery-align-left su-custom-gallery-title-never su-lightbox-gallery\"><div class=\"su-custom-gallery-slide\" style=\"width:140px;height:140px\"><a href=\"https:\/\/www.princess-studios.gr\/tr\/wp-content\/uploads\/2015\/05\/building-01.jpg\" title=\"building-0\"><img loading=\"lazy\" decoding=\"async\" src=\"https:\/\/www.princess-studios.gr\/tr\/wp-content\/uploads\/2015\/05\/building-01-140x140.jpg\" alt=\"building-0\" width=\"140\" height=\"140\" \/><span class=\"su-custom-gallery-title\">building-0<\/span><\/a><\/div><div class=\"su-custom-gallery-slide\" style=\"width:140px;height:140px\"><a href=\"https:\/\/www.princess-studios.gr\/tr\/wp-content\/uploads\/2015\/05\/building-1.jpg\" title=\"building-1\"><img loading=\"lazy\" decoding=\"async\" src=\"https:\/\/www.princess-studios.gr\/tr\/wp-content\/uploads\/2015\/05\/building-1-140x140.jpg\" alt=\"building-1\" width=\"140\" height=\"140\" \/><span class=\"su-custom-gallery-title\">building-1<\/span><\/a><\/div><div class=\"su-custom-gallery-slide\" style=\"width:140px;height:140px\"><a href=\"https:\/\/www.princess-studios.gr\/tr\/wp-content\/uploads\/2015\/05\/building-21.jpg\" title=\"building-2\"><img loading=\"lazy\" decoding=\"async\" src=\"https:\/\/www.princess-studios.gr\/tr\/wp-content\/uploads\/2015\/05\/building-21-140x140.jpg\" alt=\"building-2\" width=\"140\" height=\"140\" \/><span class=\"su-custom-gallery-title\">building-2<\/span><\/a><\/div><div class=\"su-custom-gallery-slide\" style=\"width:140px;height:140px\"><a href=\"https:\/\/www.princess-studios.gr\/tr\/wp-content\/uploads\/2015\/05\/building-31.jpg\" title=\"building-3\"><img loading=\"lazy\" decoding=\"async\" src=\"https:\/\/www.princess-studios.gr\/tr\/wp-content\/uploads\/2015\/05\/building-31-140x140.jpg\" alt=\"building-3\" width=\"140\" height=\"140\" \/><span class=\"su-custom-gallery-title\">building-3<\/span><\/a><\/div><div class=\"su-custom-gallery-slide\" style=\"width:140px;height:140px\"><a href=\"https:\/\/www.princess-studios.gr\/tr\/wp-content\/uploads\/2015\/05\/building-4.jpg\" title=\"building-4\"><img loading=\"lazy\" decoding=\"async\" src=\"https:\/\/www.princess-studios.gr\/tr\/wp-content\/uploads\/2015\/05\/building-4-140x140.jpg\" alt=\"building-4\" width=\"140\" height=\"140\" \/><span class=\"su-custom-gallery-title\">building-4<\/span><\/a><\/div><div class=\"su-custom-gallery-slide\" style=\"width:140px;height:140px\"><a href=\"https:\/\/www.princess-studios.gr\/tr\/wp-content\/uploads\/2015\/05\/cafe11.jpg\" title=\"cafe1\"><img loading=\"lazy\" decoding=\"async\" src=\"https:\/\/www.princess-studios.gr\/tr\/wp-content\/uploads\/2015\/05\/cafe11-140x140.jpg\" alt=\"cafe1\" width=\"140\" height=\"140\" \/><span class=\"su-custom-gallery-title\">cafe1<\/span><\/a><\/div><div class=\"su-custom-gallery-slide\" style=\"width:140px;height:140px\"><a href=\"https:\/\/www.princess-studios.gr\/tr\/wp-content\/uploads\/2015\/05\/IMG_2138.jpg\" title=\"IMG_2138\"><img loading=\"lazy\" decoding=\"async\" src=\"https:\/\/www.princess-studios.gr\/tr\/wp-content\/uploads\/2015\/05\/IMG_2138-140x140.jpg\" alt=\"IMG_2138\" width=\"140\" height=\"140\" \/><span class=\"su-custom-gallery-title\">IMG_2138<\/span><\/a><\/div><div class=\"su-custom-gallery-slide\" style=\"width:140px;height:140px\"><a href=\"https:\/\/www.princess-studios.gr\/tr\/wp-content\/uploads\/2015\/05\/IMG_2167.jpg\" title=\"IMG_2167\"><img loading=\"lazy\" decoding=\"async\" src=\"https:\/\/www.princess-studios.gr\/tr\/wp-content\/uploads\/2015\/05\/IMG_2167-140x140.jpg\" alt=\"IMG_2167\" width=\"140\" height=\"140\" \/><span class=\"su-custom-gallery-title\">IMG_2167<\/span><\/a><\/div><div class=\"su-custom-gallery-slide\" style=\"width:140px;height:140px\"><a href=\"https:\/\/www.princess-studios.gr\/tr\/wp-content\/uploads\/2015\/05\/IMG_2187.jpg\" title=\"IMG_2187\"><img loading=\"lazy\" decoding=\"async\" src=\"https:\/\/www.princess-studios.gr\/tr\/wp-content\/uploads\/2015\/05\/IMG_2187-140x140.jpg\" alt=\"IMG_2187\" width=\"140\" height=\"140\" \/><span class=\"su-custom-gallery-title\">IMG_2187<\/span><\/a><\/div><div class=\"su-custom-gallery-slide\" style=\"width:140px;height:140px\"><a href=\"https:\/\/www.princess-studios.gr\/tr\/wp-content\/uploads\/2015\/05\/parking1.jpg\" title=\"parking\"><img loading=\"lazy\" decoding=\"async\" src=\"https:\/\/www.princess-studios.gr\/tr\/wp-content\/uploads\/2015\/05\/parking1-140x140.jpg\" alt=\"parking\" width=\"140\" height=\"140\" \/><span class=\"su-custom-gallery-title\">parking<\/span><\/a><\/div><div class=\"su-custom-gallery-slide\" style=\"width:140px;height:140px\"><a href=\"https:\/\/www.princess-studios.gr\/tr\/wp-content\/uploads\/2016\/05\/view1-corrected-3-final.jpg\" title=\"view1-corrected-3-final\"><img loading=\"lazy\" decoding=\"async\" src=\"https:\/\/www.princess-studios.gr\/tr\/wp-content\/uploads\/2016\/05\/view1-corrected-3-final-140x140.jpg\" alt=\"view1-corrected-3-final\" width=\"140\" height=\"140\" \/><span class=\"su-custom-gallery-title\">view1-corrected-3-final<\/span><\/a><\/div><div class=\"su-custom-gallery-slide\" style=\"width:140px;height:140px\"><a href=\"https:\/\/www.princess-studios.gr\/tr\/wp-content\/uploads\/2016\/05\/saloni2b.jpg\" title=\"saloni2b\"><img loading=\"lazy\" decoding=\"async\" src=\"https:\/\/www.princess-studios.gr\/tr\/wp-content\/uploads\/2016\/05\/saloni2b-140x140.jpg\" alt=\"saloni2b\" width=\"140\" height=\"140\" \/><span class=\"su-custom-gallery-title\">saloni2b<\/span><\/a><\/div><div class=\"su-clear\"><\/div><\/div>\n<p style=\"text-align: justify;\"><\/div><\/div> <\/div>\n","protected":false},"excerpt":{"rendered":"","protected":false},"author":1,"featured_media":0,"parent":0,"menu_order":0,"comment_status":"closed","ping_status":"closed","template":"","meta":{"footnotes":""},"class_list":["post-11","page","type-page","status-publish","hentry"],"_links":{"self":[{"href":"https:\/\/www.princess-studios.gr\/tr\/wp-json\/wp\/v2\/pages\/11","targetHints":{"allow":["GET"]}}],"collection":[{"href":"https:\/\/www.princess-studios.gr\/tr\/wp-json\/wp\/v2\/pages"}],"about":[{"href":"https:\/\/www.princess-studios.gr\/tr\/wp-json\/wp\/v2\/types\/page"}],"author":[{"embeddable":true,"href":"https:\/\/www.princess-studios.gr\/tr\/wp-json\/wp\/v2\/users\/1"}],"replies":[{"embeddable":true,"href":"https:\/\/www.princess-studios.gr\/tr\/wp-json\/wp\/v2\/comments?post=11"}],"version-history":[{"count":16,"href":"https:\/\/www.princess-studios.gr\/tr\/wp-json\/wp\/v2\/pages\/11\/revisions"}],"predecessor-version":[{"id":209,"href":"https:\/\/www.princess-studios.gr\/tr\/wp-json\/wp\/v2\/pages\/11\/revisions\/209"}],"wp:attachment":[{"href":"https:\/\/www.princess-studios.gr\/tr\/wp-json\/wp\/v2\/media?parent=11"}],"curies":[{"name":"wp","href":"https:\/\/api.w.org\/{rel}","templated":true}]}}