{"id":98,"date":"2015-04-21T09:24:14","date_gmt":"2015-04-21T09:24:14","guid":{"rendered":"http:\/\/www.princess-studios.gr\/tr\/?page_id=98"},"modified":"2016-05-19T09:07:44","modified_gmt":"2016-05-19T07:07:44","slug":"%ce%b4%ce%b9%ce%b1%ce%bc%ce%bf%ce%bd%ce%ae","status":"publish","type":"page","link":"https:\/\/www.princess-studios.gr\/tr\/%ce%b4%ce%b9%ce%b1%ce%bc%ce%bf%ce%bd%ce%ae\/","title":{"rendered":"Konaklama"},"content":{"rendered":"<div class=\"su-row\"><div class=\"su-column su-column-size-1-2\"><div class=\"su-column-inner su-u-clearfix su-u-trim\">\n<p>Bizim konaklama, \u00fc\u00e7 yatakl\u0131 d\u00f6n\u00fc\u015ft\u00fcr\u00fclebilir ikiz yatakl\u0131 Studios olu\u015fur. ikisi aras\u0131nda bir do\u011fal ve ferah bir etki yaratarak y\u00fckseltilmi\u015f Oda ve lounge alan\u0131 ve daha d\u00fc\u015f\u00fck bir mutfak \/ yemek ve banyo ile yakla\u015f\u0131k 40 Sqm at.<\/p>\n<div class=\"su-spacer\" style=\"height:20px\"><\/div>\n<p>T\u00fcm st\u00fcdyolar\u0131 E\u011fer adadan Bo\u011fazlar \u00fczerinde T\u00fcrk da\u011flar\u0131n muhte\u015fem g\u00fcndo\u011fumu keyfini bir \u00f6n bakan deniz manzaral\u0131 balkon bulunmaktad\u0131r.<br \/>\n<div class=\"su-spacer\" style=\"height:20px\"><\/div>\nBizim b\u00fcy\u00fck \u00fc\u00e7 \/ d\u00f6rt yatakl\u0131 Studio-daireler yakla\u015f\u0131k 60 Sqm iki yatak odas\u0131, geni\u015f bir mutfak \/ yemek alan\u0131 ve geni\u015f bir banyo olu\u015fur. \u0130kinci yatak odas\u0131 ayn\u0131 zamanda bir salon gibi davran\u0131r.<\/p>\n<div class=\"su-spacer\" style=\"height:20px\"><\/div>\n<p>T\u00fcm st\u00fcdyo daireler ada Bo\u011fazlar \u00fczerinde T\u00fcrk da\u011flar\u0131n muhte\u015fem g\u00fcndo\u011fumu keyfini bir \u00f6n bakan deniz manzaral\u0131 balkon bulunmaktad\u0131r.<br \/>\n<div class=\"su-spacer\" style=\"height:20px\"><\/div>\nSt\u00fcdyolar ve st\u00fcdyo daireler, s\u0131cak su ile kendi \u00f6zel banyo var 24 saat, do\u011frudan arama (i\u00e7-d\u0131\u015f hatlar\u0131) i\u00e7in, bir mutfak tamamen (buzdolab\u0131, f\u0131r\u0131n, lavabo, dolaplar, ev e\u015fyalar\u0131) ile donat\u0131lm\u0131\u015f g\u00fcn, telefon, D\u00fcz Led TV set, klima ve sa\u00e7 kurutma makinas\u0131.<\/p>\n<div class=\"su-spacer\" style=\"height:20px\"><\/div>\n<p>Biz de aile ve arkada\u015flar ile onlar\u0131n g\u00fczel tatil payla\u015fmak i\u00e7in g\u00fc\u00e7l\u00fc olmak, m\u00fc\u015fterileri i\u00e7in her alanda \u00fccretsiz WiFi var.<\/p>\n<\/div><\/div>\n<div class=\"su-column su-column-size-1-2\"><div class=\"su-column-inner su-u-clearfix su-u-trim\">\n<div class=\"su-custom-gallery su-custom-gallery-align-left su-custom-gallery-title-never su-lightbox-gallery\"><div class=\"su-custom-gallery-slide\" style=\"width:140px;height:140px\"><a href=\"https:\/\/www.princess-studios.gr\/tr\/wp-content\/uploads\/2015\/05\/IMG_2061.jpg\" title=\"IMG_2061\"><img loading=\"lazy\" decoding=\"async\" src=\"https:\/\/www.princess-studios.gr\/tr\/wp-content\/uploads\/2015\/05\/IMG_2061-140x140.jpg\" alt=\"IMG_2061\" width=\"140\" height=\"140\" \/><span class=\"su-custom-gallery-title\">IMG_2061<\/span><\/a><\/div><div class=\"su-custom-gallery-slide\" style=\"width:140px;height:140px\"><a href=\"https:\/\/www.princess-studios.gr\/tr\/wp-content\/uploads\/2015\/05\/IMG_2079.jpg\" title=\"IMG_2079\"><img loading=\"lazy\" decoding=\"async\" src=\"https:\/\/www.princess-studios.gr\/tr\/wp-content\/uploads\/2015\/05\/IMG_2079-140x140.jpg\" alt=\"IMG_2079\" width=\"140\" height=\"140\" \/><span class=\"su-custom-gallery-title\">IMG_2079<\/span><\/a><\/div><div class=\"su-custom-gallery-slide\" style=\"width:140px;height:140px\"><a href=\"https:\/\/www.princess-studios.gr\/tr\/wp-content\/uploads\/2015\/05\/IMG_2080.jpg\" title=\"IMG_2080\"><img loading=\"lazy\" decoding=\"async\" src=\"https:\/\/www.princess-studios.gr\/tr\/wp-content\/uploads\/2015\/05\/IMG_2080-140x140.jpg\" alt=\"IMG_2080\" width=\"140\" height=\"140\" \/><span class=\"su-custom-gallery-title\">IMG_2080<\/span><\/a><\/div><div class=\"su-custom-gallery-slide\" style=\"width:140px;height:140px\"><a href=\"https:\/\/www.princess-studios.gr\/tr\/wp-content\/uploads\/2015\/05\/IMG_2097.jpg\" title=\"IMG_2097\"><img loading=\"lazy\" decoding=\"async\" src=\"https:\/\/www.princess-studios.gr\/tr\/wp-content\/uploads\/2015\/05\/IMG_2097-140x140.jpg\" alt=\"IMG_2097\" width=\"140\" height=\"140\" \/><span class=\"su-custom-gallery-title\">IMG_2097<\/span><\/a><\/div><div class=\"su-custom-gallery-slide\" style=\"width:140px;height:140px\"><a href=\"https:\/\/www.princess-studios.gr\/tr\/wp-content\/uploads\/2015\/05\/room-1-a1.jpg\" title=\"room-1-a\"><img loading=\"lazy\" decoding=\"async\" src=\"https:\/\/www.princess-studios.gr\/tr\/wp-content\/uploads\/2015\/05\/room-1-a1-140x140.jpg\" alt=\"room-1-a\" width=\"140\" height=\"140\" \/><span class=\"su-custom-gallery-title\">room-1-a<\/span><\/a><\/div><div class=\"su-custom-gallery-slide\" style=\"width:140px;height:140px\"><a href=\"https:\/\/www.princess-studios.gr\/tr\/wp-content\/uploads\/2015\/05\/room-1-b1.jpg\" title=\"room-1-b\"><img loading=\"lazy\" decoding=\"async\" src=\"https:\/\/www.princess-studios.gr\/tr\/wp-content\/uploads\/2015\/05\/room-1-b1-140x140.jpg\" alt=\"room-1-b\" width=\"140\" height=\"140\" \/><span class=\"su-custom-gallery-title\">room-1-b<\/span><\/a><\/div><div class=\"su-custom-gallery-slide\" style=\"width:140px;height:140px\"><a href=\"https:\/\/www.princess-studios.gr\/tr\/wp-content\/uploads\/2015\/05\/room-1-c.jpg\" title=\"room-1-c\"><img loading=\"lazy\" decoding=\"async\" src=\"https:\/\/www.princess-studios.gr\/tr\/wp-content\/uploads\/2015\/05\/room-1-c-140x140.jpg\" alt=\"room-1-c\" width=\"140\" height=\"140\" \/><span class=\"su-custom-gallery-title\">room-1-c<\/span><\/a><\/div><div class=\"su-custom-gallery-slide\" style=\"width:140px;height:140px\"><a href=\"https:\/\/www.princess-studios.gr\/tr\/wp-content\/uploads\/2015\/05\/room-1-d1.jpg\" title=\"room-1-d\"><img loading=\"lazy\" decoding=\"async\" src=\"https:\/\/www.princess-studios.gr\/tr\/wp-content\/uploads\/2015\/05\/room-1-d1-140x140.jpg\" alt=\"room-1-d\" width=\"140\" height=\"140\" \/><span class=\"su-custom-gallery-title\">room-1-d<\/span><\/a><\/div><div class=\"su-custom-gallery-slide\" style=\"width:140px;height:140px\"><a href=\"https:\/\/www.princess-studios.gr\/tr\/wp-content\/uploads\/2015\/05\/IMG_2112.jpg\" title=\"IMG_2112\"><img loading=\"lazy\" decoding=\"async\" src=\"https:\/\/www.princess-studios.gr\/tr\/wp-content\/uploads\/2015\/05\/IMG_2112-140x140.jpg\" alt=\"IMG_2112\" width=\"140\" height=\"140\" \/><span class=\"su-custom-gallery-title\">IMG_2112<\/span><\/a><\/div><div class=\"su-custom-gallery-slide\" style=\"width:140px;height:140px\"><a href=\"https:\/\/www.princess-studios.gr\/tr\/wp-content\/uploads\/2015\/05\/IMG_2113.jpg\" title=\"IMG_2113\"><img loading=\"lazy\" decoding=\"async\" src=\"https:\/\/www.princess-studios.gr\/tr\/wp-content\/uploads\/2015\/05\/IMG_2113-140x140.jpg\" alt=\"IMG_2113\" width=\"140\" height=\"140\" \/><span class=\"su-custom-gallery-title\">IMG_2113<\/span><\/a><\/div><div class=\"su-custom-gallery-slide\" style=\"width:140px;height:140px\"><a href=\"https:\/\/www.princess-studios.gr\/tr\/wp-content\/uploads\/2015\/05\/IMG_2116.jpg\" title=\"IMG_2116\"><img loading=\"lazy\" decoding=\"async\" src=\"https:\/\/www.princess-studios.gr\/tr\/wp-content\/uploads\/2015\/05\/IMG_2116-140x140.jpg\" alt=\"IMG_2116\" width=\"140\" height=\"140\" \/><span class=\"su-custom-gallery-title\">IMG_2116<\/span><\/a><\/div><div class=\"su-custom-gallery-slide\" style=\"width:140px;height:140px\"><a href=\"https:\/\/www.princess-studios.gr\/tr\/wp-content\/uploads\/2015\/05\/IMG_2124.jpg\" title=\"IMG_2124\"><img loading=\"lazy\" decoding=\"async\" src=\"https:\/\/www.princess-studios.gr\/tr\/wp-content\/uploads\/2015\/05\/IMG_2124-140x140.jpg\" alt=\"IMG_2124\" width=\"140\" height=\"140\" \/><span class=\"su-custom-gallery-title\">IMG_2124<\/span><\/a><\/div><div class=\"su-custom-gallery-slide\" style=\"width:140px;height:140px\"><a href=\"https:\/\/www.princess-studios.gr\/tr\/wp-content\/uploads\/2015\/05\/room-2-a.jpg\" title=\"room-2-a\"><img loading=\"lazy\" decoding=\"async\" src=\"https:\/\/www.princess-studios.gr\/tr\/wp-content\/uploads\/2015\/05\/room-2-a-140x140.jpg\" alt=\"room-2-a\" width=\"140\" height=\"140\" \/><span class=\"su-custom-gallery-title\">room-2-a<\/span><\/a><\/div><div class=\"su-custom-gallery-slide\" style=\"width:140px;height:140px\"><a href=\"https:\/\/www.princess-studios.gr\/tr\/wp-content\/uploads\/2015\/05\/room-2-b1.jpg\" title=\"room-2-b\"><img loading=\"lazy\" decoding=\"async\" src=\"https:\/\/www.princess-studios.gr\/tr\/wp-content\/uploads\/2015\/05\/room-2-b1-140x140.jpg\" alt=\"room-2-b\" width=\"140\" height=\"140\" \/><span class=\"su-custom-gallery-title\">room-2-b<\/span><\/a><\/div><div class=\"su-custom-gallery-slide\" style=\"width:140px;height:140px\"><a href=\"https:\/\/www.princess-studios.gr\/tr\/wp-content\/uploads\/2015\/05\/room-2-wc.jpg\" title=\"room-2-wc\"><img loading=\"lazy\" decoding=\"async\" src=\"https:\/\/www.princess-studios.gr\/tr\/wp-content\/uploads\/2015\/05\/room-2-wc-140x140.jpg\" alt=\"room-2-wc\" width=\"140\" height=\"140\" \/><span class=\"su-custom-gallery-title\">room-2-wc<\/span><\/a><\/div><div class=\"su-clear\"><\/div><\/div>\n<\/div><\/div> <\/div>\n","protected":false},"excerpt":{"rendered":"","protected":false},"author":1,"featured_media":0,"parent":0,"menu_order":0,"comment_status":"closed","ping_status":"closed","template":"","meta":{"footnotes":""},"class_list":["post-98","page","type-page","status-publish","hentry"],"_links":{"self":[{"href":"https:\/\/www.princess-studios.gr\/tr\/wp-json\/wp\/v2\/pages\/98","targetHints":{"allow":["GET"]}}],"collection":[{"href":"https:\/\/www.princess-studios.gr\/tr\/wp-json\/wp\/v2\/pages"}],"about":[{"href":"https:\/\/www.princess-studios.gr\/tr\/wp-json\/wp\/v2\/types\/page"}],"author":[{"embeddable":true,"href":"https:\/\/www.princess-studios.gr\/tr\/wp-json\/wp\/v2\/users\/1"}],"replies":[{"embeddable":true,"href":"https:\/\/www.princess-studios.gr\/tr\/wp-json\/wp\/v2\/comments?post=98"}],"version-history":[{"count":7,"href":"https:\/\/www.princess-studios.gr\/tr\/wp-json\/wp\/v2\/pages\/98\/revisions"}],"predecessor-version":[{"id":201,"href":"https:\/\/www.princess-studios.gr\/tr\/wp-json\/wp\/v2\/pages\/98\/revisions\/201"}],"wp:attachment":[{"href":"https:\/\/www.princess-studios.gr\/tr\/wp-json\/wp\/v2\/media?parent=98"}],"curies":[{"name":"wp","href":"https:\/\/api.w.org\/{rel}","templated":true}]}}